{"id":38012,"date":"2026-02-05T14:41:13","date_gmt":"2026-02-05T14:41:13","guid":{"rendered":"https:\/\/almoufeed.com\/?post_type=product&#038;p=38012"},"modified":"2026-03-15T12:32:10","modified_gmt":"2026-03-15T12:32:10","slug":"gorenje-90-cm-freestanding-black-gas-cooker5-gas-burners-capcity-110-litres-multifunction-oven-with-fan-cast-iron-pan-support-airfry-gentleclose-door-ggi9c21b","status":"publish","type":"product","link":"https:\/\/almoufeed.com\/en\/product\/gorenje-90-cm-freestanding-black-gas-cooker5-gas-burners-capcity-110-litres-multifunction-oven-with-fan-cast-iron-pan-support-airfry-gentleclose-door-ggi9c21b\/","title":{"rendered":"Gorenje 90 cm Freestanding Black Gas Cooker,5 gas burners, capcity 110 Litres Multifunction Oven with Fan, Cast Iron Pan Support, AirFry, GentleClose door-GGI9C21B"},"content":{"rendered":"<p>Electronic programming timer Freestanding all gas cooker Dimensions (W\u00d7H\u00d7D): 90 \u00d7 84.5 \u00d7 60 cm<\/p>\n","protected":false},"excerpt":{"rendered":"<p>Gorenje 90 cm Freestanding Black Gas Cooker,5 gas burners, capcity 110 Litres Multifunction Oven with Fan, Cast Iron Pan Support, AirFry, GentleClose door-GGI9C21B<\/p>\n","protected":false},"featured_media":38013,"template":"","meta":{"_acf_changed":false},"product_brand":[],"product_cat":[966,968,965,956,958],"product_tag":[],"class_list":{"0":"post-38012","1":"product","2":"type-product","3":"status-publish","4":"has-post-thumbnail","6":"product_cat-cookers","7":"product_cat-gas-cooker","8":"product_cat-gas-cooker-ovens-and-microwaves","9":"product_cat-home","10":"product_cat-large-home-appliances","11":"product_shipping_class-heavy","12":"pa_brands-1279","13":"pa_color-1320","15":"first","16":"instock","17":"product-type-simple"},"acf":[],"pure_taxonomies":{"product_cat":[{"term_id":966,"name":"Cookers","slug":"cookers","term_group":0,"term_taxonomy_id":966,"taxonomy":"product_cat","description":"","parent":965,"count":182,"filter":"raw","image":""},{"term_id":968,"name":"Gas Cooker","slug":"gas-cooker","term_group":0,"term_taxonomy_id":968,"taxonomy":"product_cat","description":"","parent":966,"count":50,"filter":"raw","image":""},{"term_id":965,"name":"Gas cooker, ovens and microwaves","slug":"gas-cooker-ovens-and-microwaves","term_group":0,"term_taxonomy_id":965,"taxonomy":"product_cat","description":"","parent":958,"count":464,"filter":"raw","image":""},{"term_id":956,"name":"Home","slug":"home","term_group":0,"term_taxonomy_id":956,"taxonomy":"product_cat","description":"","parent":0,"count":1724,"filter":"raw","image":""},{"term_id":958,"name":"Large home appliances","slug":"large-home-appliances","term_group":0,"term_taxonomy_id":958,"taxonomy":"product_cat","description":"","parent":956,"count":1041,"filter":"raw","image":""}],"product_shipping_class":[{"term_id":1456,"name":"Heavy","slug":"heavy","term_group":0,"term_taxonomy_id":1456,"taxonomy":"product_shipping_class","description":"","parent":0,"count":838,"filter":"raw","image":""}],"pa_brands":[{"term_id":1279,"name":"\u062c\u064a\u0631\u0648\u0646\u062c\u064a","slug":"%d8%ac%d9%8a%d8%b1%d9%88%d9%86%d8%ac%d9%8a","term_group":0,"term_taxonomy_id":1279,"taxonomy":"pa_brands","description":"\u062c\u064a\u0631\u0648\u0646\u062c\u064a","parent":0,"count":344,"filter":"raw","image":""}],"pa_color":[{"term_id":1320,"name":"\u0627\u0633\u0648\u062f","slug":"%d8%a7%d8%b3%d9%88%d8%af","term_group":0,"term_taxonomy_id":1320,"taxonomy":"pa_color","description":"","parent":0,"count":794,"filter":"raw","image":""}]},"_links":{"self":[{"href":"https:\/\/almoufeed.com\/en\/wp-json\/wp\/v2\/product\/38012","targetHints":{"allow":["GET"]}}],"collection":[{"href":"https:\/\/almoufeed.com\/en\/wp-json\/wp\/v2\/product"}],"about":[{"href":"https:\/\/almoufeed.com\/en\/wp-json\/wp\/v2\/types\/product"}],"version-history":[{"count":0,"href":"https:\/\/almoufeed.com\/en\/wp-json\/wp\/v2\/product\/38012\/revisions"}],"wp:featuredmedia":[{"embeddable":true,"href":"https:\/\/almoufeed.com\/en\/wp-json\/wp\/v2\/media\/38013"}],"wp:attachment":[{"href":"https:\/\/almoufeed.com\/en\/wp-json\/wp\/v2\/media?parent=38012"}],"wp:term":[{"taxonomy":"product_brand","embeddable":true,"href":"https:\/\/almoufeed.com\/en\/wp-json\/wp\/v2\/product_brand?post=38012"},{"taxonomy":"product_cat","embeddable":true,"href":"https:\/\/almoufeed.com\/en\/wp-json\/wp\/v2\/product_cat?post=38012"},{"taxonomy":"product_tag","embeddable":true,"href":"https:\/\/almoufeed.com\/en\/wp-json\/wp\/v2\/product_tag?post=38012"}],"curies":[{"name":"wp","href":"https:\/\/api.w.org\/{rel}","templated":true}]}}