{"id":37832,"date":"2026-02-05T14:39:50","date_gmt":"2026-02-05T14:39:50","guid":{"rendered":"https:\/\/almoufeed.com\/?post_type=product&#038;p=37832"},"modified":"2026-03-15T12:40:23","modified_gmt":"2026-03-15T12:40:23","slug":"gorenje-builtin-undercounter-refrigerator-60-cm-whitetotal-net-volume-126-l-rbiu6091aw","status":"publish","type":"product","link":"https:\/\/almoufeed.com\/en\/product\/gorenje-builtin-undercounter-refrigerator-60-cm-whitetotal-net-volume-126-l-rbiu6091aw\/","title":{"rendered":"Gorenje Built,in undercounter refrigerator, 60 cm, white,total net volume: 126 l-RBIU6091AW"},"content":{"rendered":"<p>RBIU6091AW<br \/>\nBuilt-in undercounter refrigerator  Energy class: A+  Gross capacity: 130 l  Installation type: built-under integrated  Dimensions (W\u00d7H\u00d7D): 59.6 \u00d7 82 \u00d7 54.5 cm<\/p>\n","protected":false},"excerpt":{"rendered":"<p>Gorenje Built,in undercounter refrigerator, 60 cm, white,total net volume: 126 l-RBIU6091AW<\/p>\n","protected":false},"featured_media":37833,"template":"","meta":{"_acf_changed":false},"product_brand":[],"product_cat":[956,958,988,980,979],"product_tag":[],"class_list":{"0":"post-37832","1":"product","2":"type-product","3":"status-publish","4":"has-post-thumbnail","6":"product_cat-home","7":"product_cat-large-home-appliances","8":"product_cat-mini-bar-refrigerator","9":"product_cat-refrigerators","10":"product_cat-refrigerators-deep-freezers-and-water-dispenser","11":"product_shipping_class-heavy","12":"pa_brands-1279","13":"pa_color-1328","15":"first","16":"instock","17":"product-type-simple"},"acf":[],"pure_taxonomies":{"product_cat":[{"term_id":956,"name":"Home","slug":"home","term_group":0,"term_taxonomy_id":956,"taxonomy":"product_cat","description":"","parent":0,"count":1724,"filter":"raw","image":""},{"term_id":958,"name":"Large home appliances","slug":"large-home-appliances","term_group":0,"term_taxonomy_id":958,"taxonomy":"product_cat","description":"","parent":956,"count":1041,"filter":"raw","image":""},{"term_id":988,"name":"Mini bar Refrigerator","slug":"mini-bar-refrigerator","term_group":0,"term_taxonomy_id":988,"taxonomy":"product_cat","description":"","parent":980,"count":9,"filter":"raw","image":""},{"term_id":980,"name":"Refrigerators","slug":"refrigerators","term_group":0,"term_taxonomy_id":980,"taxonomy":"product_cat","description":"","parent":979,"count":207,"filter":"raw","image":""},{"term_id":979,"name":"Refrigerators, deep freezers and Water dispenser","slug":"refrigerators-deep-freezers-and-water-dispenser","term_group":0,"term_taxonomy_id":979,"taxonomy":"product_cat","description":"","parent":958,"count":271,"filter":"raw","image":""}],"product_shipping_class":[{"term_id":1456,"name":"Heavy","slug":"heavy","term_group":0,"term_taxonomy_id":1456,"taxonomy":"product_shipping_class","description":"","parent":0,"count":838,"filter":"raw","image":""}],"pa_brands":[{"term_id":1279,"name":"\u062c\u064a\u0631\u0648\u0646\u062c\u064a","slug":"%d8%ac%d9%8a%d8%b1%d9%88%d9%86%d8%ac%d9%8a","term_group":0,"term_taxonomy_id":1279,"taxonomy":"pa_brands","description":"\u062c\u064a\u0631\u0648\u0646\u062c\u064a","parent":0,"count":344,"filter":"raw","image":""}],"pa_color":[{"term_id":1328,"name":"\u0627\u0628\u064a\u0636","slug":"%d8%a7%d8%a8%d9%8a%d8%b6","term_group":0,"term_taxonomy_id":1328,"taxonomy":"pa_color","description":"","parent":0,"count":276,"filter":"raw","image":""}]},"_links":{"self":[{"href":"https:\/\/almoufeed.com\/en\/wp-json\/wp\/v2\/product\/37832","targetHints":{"allow":["GET"]}}],"collection":[{"href":"https:\/\/almoufeed.com\/en\/wp-json\/wp\/v2\/product"}],"about":[{"href":"https:\/\/almoufeed.com\/en\/wp-json\/wp\/v2\/types\/product"}],"version-history":[{"count":0,"href":"https:\/\/almoufeed.com\/en\/wp-json\/wp\/v2\/product\/37832\/revisions"}],"wp:featuredmedia":[{"embeddable":true,"href":"https:\/\/almoufeed.com\/en\/wp-json\/wp\/v2\/media\/37833"}],"wp:attachment":[{"href":"https:\/\/almoufeed.com\/en\/wp-json\/wp\/v2\/media?parent=37832"}],"wp:term":[{"taxonomy":"product_brand","embeddable":true,"href":"https:\/\/almoufeed.com\/en\/wp-json\/wp\/v2\/product_brand?post=37832"},{"taxonomy":"product_cat","embeddable":true,"href":"https:\/\/almoufeed.com\/en\/wp-json\/wp\/v2\/product_cat?post=37832"},{"taxonomy":"product_tag","embeddable":true,"href":"https:\/\/almoufeed.com\/en\/wp-json\/wp\/v2\/product_tag?post=37832"}],"curies":[{"name":"wp","href":"https:\/\/api.w.org\/{rel}","templated":true}]}}