{"id":37801,"date":"2026-02-05T14:39:41","date_gmt":"2026-02-05T14:39:41","guid":{"rendered":"https:\/\/almoufeed.com\/?post_type=product&#038;p=37801"},"modified":"2026-04-17T13:01:19","modified_gmt":"2026-04-17T13:01:19","slug":"gorenje-freestanding-dishwasher-16-place-automatic-door-opening-iontech-inverter-powerdrive-silver-gs693c60xuvad","status":"publish","type":"product","link":"https:\/\/almoufeed.com\/en\/product\/gorenje-freestanding-dishwasher-16-place-automatic-door-opening-iontech-inverter-powerdrive-silver-gs693c60xuvad\/","title":{"rendered":"Gorenje  Freestanding dishwasher 16 places  automatic door opening IonTech, Inverter PowerDrive Silver &#8211; GS693C60XUVAD"},"content":{"rendered":"<p>Brand name: Gorenje<br \/>\nMade in Solvenia<br \/>\nCapacity: 16 place settings<br \/>\n7 programmes: Automatic programme; Intensive programme; Eco programme; Programme Hygiene; Crystal glasses; 1h wash; Light wash<br \/>\nReference programme: 2<br \/>\nMotor type: Inverter PowerDrive (A+++)<br \/>\nfunction 3 in 1 : SpeedWash, TotalDry \u2013 automatic door opening, Selfcleaning programme<br \/>\nControl: TouchControl, Wi-FI operation<br \/>\nNumber of spray arms: 3<br \/>\nOverflow protection: Total AquaStop<br \/>\nDimensions (W\u00d7H\u00d7D): 59.9 \u00d7 84.6 \u00d7 59.8 cm<\/p>\n","protected":false},"excerpt":{"rendered":"<p>Gorenje Freestanding dishwasher 16 places automatic door opening IonTech, Inverter PowerDrive Silver &#8211; GS693C60XUVAD<\/p>\n","protected":false},"featured_media":37802,"template":"","meta":{"_acf_changed":false},"product_brand":[],"product_cat":[1001,1000,956,958,996],"product_tag":[],"class_list":{"0":"post-37801","1":"product","2":"type-product","3":"status-publish","4":"has-post-thumbnail","6":"product_cat-dishwasher","7":"product_cat-dishwashers","8":"product_cat-home","9":"product_cat-large-home-appliances","10":"product_cat-washing-machines-and-dishwashers","11":"product_shipping_class-1459","12":"pa_brands-1279","13":"pa_color-1342","15":"first","16":"instock","17":"sale","18":"purchasable","19":"product-type-simple"},"acf":[],"pure_taxonomies":{"product_cat":[{"term_id":1001,"name":"DishWasher","slug":"dishwasher","term_group":0,"term_taxonomy_id":1001,"taxonomy":"product_cat","description":"","parent":1000,"count":66,"filter":"raw","image":""},{"term_id":1000,"name":"DishWashers","slug":"dishwashers","term_group":0,"term_taxonomy_id":1000,"taxonomy":"product_cat","description":"","parent":996,"count":66,"filter":"raw","image":""},{"term_id":956,"name":"Home","slug":"home","term_group":0,"term_taxonomy_id":956,"taxonomy":"product_cat","description":"","parent":0,"count":1724,"filter":"raw","image":""},{"term_id":958,"name":"Large home appliances","slug":"large-home-appliances","term_group":0,"term_taxonomy_id":958,"taxonomy":"product_cat","description":"","parent":956,"count":1041,"filter":"raw","image":""},{"term_id":996,"name":"Washing machines and dishwashers","slug":"washing-machines-and-dishwashers","term_group":0,"term_taxonomy_id":996,"taxonomy":"product_cat","description":"","parent":958,"count":249,"filter":"raw","image":""}],"product_shipping_class":[{"term_id":1459,"name":"\u062b\u0642\u064a\u0644","slug":"%d8%ab%d9%82%d9%8a%d9%84","term_group":0,"term_taxonomy_id":1459,"taxonomy":"product_shipping_class","description":"","parent":0,"count":229,"filter":"raw","image":""}],"pa_brands":[{"term_id":1279,"name":"\u062c\u064a\u0631\u0648\u0646\u062c\u064a","slug":"%d8%ac%d9%8a%d8%b1%d9%88%d9%86%d8%ac%d9%8a","term_group":0,"term_taxonomy_id":1279,"taxonomy":"pa_brands","description":"\u062c\u064a\u0631\u0648\u0646\u062c\u064a","parent":0,"count":344,"filter":"raw","image":""}],"pa_color":[{"term_id":1342,"name":"\u0633\u064a\u0644\u0641\u0631","slug":"%d8%b3%d9%8a%d9%84%d9%81%d8%b1","term_group":0,"term_taxonomy_id":1342,"taxonomy":"pa_color","description":"","parent":0,"count":277,"filter":"raw","image":""}]},"_links":{"self":[{"href":"https:\/\/almoufeed.com\/en\/wp-json\/wp\/v2\/product\/37801","targetHints":{"allow":["GET"]}}],"collection":[{"href":"https:\/\/almoufeed.com\/en\/wp-json\/wp\/v2\/product"}],"about":[{"href":"https:\/\/almoufeed.com\/en\/wp-json\/wp\/v2\/types\/product"}],"version-history":[{"count":2,"href":"https:\/\/almoufeed.com\/en\/wp-json\/wp\/v2\/product\/37801\/revisions"}],"predecessor-version":[{"id":54546,"href":"https:\/\/almoufeed.com\/en\/wp-json\/wp\/v2\/product\/37801\/revisions\/54546"}],"wp:featuredmedia":[{"embeddable":true,"href":"https:\/\/almoufeed.com\/en\/wp-json\/wp\/v2\/media\/37802"}],"wp:attachment":[{"href":"https:\/\/almoufeed.com\/en\/wp-json\/wp\/v2\/media?parent=37801"}],"wp:term":[{"taxonomy":"product_brand","embeddable":true,"href":"https:\/\/almoufeed.com\/en\/wp-json\/wp\/v2\/product_brand?post=37801"},{"taxonomy":"product_cat","embeddable":true,"href":"https:\/\/almoufeed.com\/en\/wp-json\/wp\/v2\/product_cat?post=37801"},{"taxonomy":"product_tag","embeddable":true,"href":"https:\/\/almoufeed.com\/en\/wp-json\/wp\/v2\/product_tag?post=37801"}],"curies":[{"name":"wp","href":"https:\/\/api.w.org\/{rel}","templated":true}]}}