{"id":37776,"date":"2026-02-05T14:39:28","date_gmt":"2026-02-05T14:39:28","guid":{"rendered":"https:\/\/almoufeed.com\/?post_type=product&#038;p=37776"},"modified":"2026-04-17T13:18:10","modified_gmt":"2026-04-17T13:18:10","slug":"gorenje-built-in-dishwasher-16-persons-white-gv673c61","status":"publish","type":"product","link":"https:\/\/almoufeed.com\/en\/product\/gorenje-built-in-dishwasher-16-persons-white-gv673c61\/","title":{"rendered":"Gorenje Built In Dishwasher 16 Persons White &#8211; GV673C61"},"content":{"rendered":"<p>Brand<br \/>\nGorenje<\/p>\n<p>Type<br \/>\nBuilt In Dishwasher<\/p>\n<p>Key Features<br \/>\n&#8211; Inverter PowerDrive<\/p>\n<p>&#8211; Wi-Fi, TouchControl<\/p>\n<p>&#8211; Water level sensor, Clear water sensor<\/p>\n<p>&#8211; SpeedWash function<\/p>\n<p>&#8211; Selfcleaning programme<\/p>\n<p>&#8211; Intensive CleanZone<\/p>\n<p>&#8211; Number of baskets: 3<\/p>\n<p>&#8211; Overflow protection<\/p>\n<p>Number of Persons<br \/>\n16 Persons<\/p>\n<p>Number of Wash Programs<br \/>\n7 Programs<\/p>\n<p>Dimensions<br \/>\n(W\u00d7H\u00d7D): 59.8 \u00d7 81.6 \u00d7 55.5 cm<\/p>\n<p>Color<br \/>\nWhite<\/p>\n<p>Model Number<br \/>\nGV673C61<\/p>\n","protected":false},"excerpt":{"rendered":"<p>Gorenje Built In Dishwasher 16 Persons White &#8211; GV673C61<\/p>\n","protected":false},"featured_media":37777,"template":"","meta":{"_acf_changed":false},"product_brand":[],"product_cat":[1001,1000,956,958,996],"product_tag":[],"class_list":{"0":"post-37776","1":"product","2":"type-product","3":"status-publish","4":"has-post-thumbnail","6":"product_cat-dishwasher","7":"product_cat-dishwashers","8":"product_cat-home","9":"product_cat-large-home-appliances","10":"product_cat-washing-machines-and-dishwashers","11":"product_shipping_class-1459","12":"pa_brands-1279","13":"pa_color-1328","15":"first","16":"instock","17":"sale","18":"purchasable","19":"product-type-simple"},"acf":[],"pure_taxonomies":{"product_cat":[{"term_id":1001,"name":"DishWasher","slug":"dishwasher","term_group":0,"term_taxonomy_id":1001,"taxonomy":"product_cat","description":"","parent":1000,"count":66,"filter":"raw","image":""},{"term_id":1000,"name":"DishWashers","slug":"dishwashers","term_group":0,"term_taxonomy_id":1000,"taxonomy":"product_cat","description":"","parent":996,"count":66,"filter":"raw","image":""},{"term_id":956,"name":"Home","slug":"home","term_group":0,"term_taxonomy_id":956,"taxonomy":"product_cat","description":"","parent":0,"count":1724,"filter":"raw","image":""},{"term_id":958,"name":"Large home appliances","slug":"large-home-appliances","term_group":0,"term_taxonomy_id":958,"taxonomy":"product_cat","description":"","parent":956,"count":1041,"filter":"raw","image":""},{"term_id":996,"name":"Washing machines and dishwashers","slug":"washing-machines-and-dishwashers","term_group":0,"term_taxonomy_id":996,"taxonomy":"product_cat","description":"","parent":958,"count":249,"filter":"raw","image":""}],"product_shipping_class":[{"term_id":1459,"name":"\u062b\u0642\u064a\u0644","slug":"%d8%ab%d9%82%d9%8a%d9%84","term_group":0,"term_taxonomy_id":1459,"taxonomy":"product_shipping_class","description":"","parent":0,"count":229,"filter":"raw","image":""}],"pa_brands":[{"term_id":1279,"name":"\u062c\u064a\u0631\u0648\u0646\u062c\u064a","slug":"%d8%ac%d9%8a%d8%b1%d9%88%d9%86%d8%ac%d9%8a","term_group":0,"term_taxonomy_id":1279,"taxonomy":"pa_brands","description":"\u062c\u064a\u0631\u0648\u0646\u062c\u064a","parent":0,"count":344,"filter":"raw","image":""}],"pa_color":[{"term_id":1328,"name":"\u0627\u0628\u064a\u0636","slug":"%d8%a7%d8%a8%d9%8a%d8%b6","term_group":0,"term_taxonomy_id":1328,"taxonomy":"pa_color","description":"","parent":0,"count":276,"filter":"raw","image":""}]},"_links":{"self":[{"href":"https:\/\/almoufeed.com\/en\/wp-json\/wp\/v2\/product\/37776","targetHints":{"allow":["GET"]}}],"collection":[{"href":"https:\/\/almoufeed.com\/en\/wp-json\/wp\/v2\/product"}],"about":[{"href":"https:\/\/almoufeed.com\/en\/wp-json\/wp\/v2\/types\/product"}],"version-history":[{"count":2,"href":"https:\/\/almoufeed.com\/en\/wp-json\/wp\/v2\/product\/37776\/revisions"}],"predecessor-version":[{"id":54553,"href":"https:\/\/almoufeed.com\/en\/wp-json\/wp\/v2\/product\/37776\/revisions\/54553"}],"wp:featuredmedia":[{"embeddable":true,"href":"https:\/\/almoufeed.com\/en\/wp-json\/wp\/v2\/media\/37777"}],"wp:attachment":[{"href":"https:\/\/almoufeed.com\/en\/wp-json\/wp\/v2\/media?parent=37776"}],"wp:term":[{"taxonomy":"product_brand","embeddable":true,"href":"https:\/\/almoufeed.com\/en\/wp-json\/wp\/v2\/product_brand?post=37776"},{"taxonomy":"product_cat","embeddable":true,"href":"https:\/\/almoufeed.com\/en\/wp-json\/wp\/v2\/product_cat?post=37776"},{"taxonomy":"product_tag","embeddable":true,"href":"https:\/\/almoufeed.com\/en\/wp-json\/wp\/v2\/product_tag?post=37776"}],"curies":[{"name":"wp","href":"https:\/\/api.w.org\/{rel}","templated":true}]}}