{"id":37751,"date":"2026-02-05T14:39:22","date_gmt":"2026-02-05T14:39:22","guid":{"rendered":"https:\/\/almoufeed.com\/?post_type=product&#038;p=37751"},"modified":"2026-04-04T11:43:14","modified_gmt":"2026-04-04T11:43:14","slug":"gorenje-dryer-9-kg-metallic-grey-dpne92-gnlw-a","status":"publish","type":"product","link":"https:\/\/almoufeed.com\/en\/product\/gorenje-dryer-9-kg-metallic-grey-dpne92-gnlw-a\/","title":{"rendered":"Gorenje Dryer, 9 Kg, Metallic Grey &#8211; DPNE92-GNLW-A"},"content":{"rendered":"<p>Brand<br \/>\nGorenje<\/p>\n<p>Type<br \/>\nDryer<\/p>\n<p>Capacity<br \/>\n9 Kg<\/p>\n<p>Key Features<br \/>\n&#8211; Wi-Fi, WaveActive drum<\/p>\n<p>&#8211; TwinAir function<\/p>\n<p>&#8211; Reversible drum action<\/p>\n<p>&#8211; LED display, Humidity sensor<\/p>\n<p>&#8211; 16 programmes<\/p>\n<p>&#8211; Half load, Anticrease<\/p>\n<p>Dimensions<br \/>\n(W\u00d7H\u00d7D): 60 \u00d7 85 \u00d7 62.5 cm<\/p>\n<p>Color<br \/>\nMetallic Grey<\/p>\n<p>Model<br \/>\nDPNE92\/GNLW\/A<\/p>\n","protected":false},"excerpt":{"rendered":"<p>Gorenje Dryer, 9 Kg, Metallic Grey &#8211; DPNE92-GNLW-A<\/p>\n","protected":false},"featured_media":37752,"template":"","meta":{"_acf_changed":false},"product_brand":[],"product_cat":[998,956,958,997,996],"product_tag":[],"class_list":{"0":"post-37751","1":"product","2":"type-product","3":"status-publish","4":"has-post-thumbnail","6":"product_cat-full-automatic-washing-machine","7":"product_cat-home","8":"product_cat-large-home-appliances","9":"product_cat-washing-machines","10":"product_cat-washing-machines-and-dishwashers","11":"product_shipping_class-heavy","12":"pa_brands-1279","13":"pa_color-1342","15":"first","16":"outofstock","17":"product-type-simple"},"acf":[],"pure_taxonomies":{"product_cat":[{"term_id":998,"name":"Full Automatic Washing Machine","slug":"full-automatic-washing-machine","term_group":0,"term_taxonomy_id":998,"taxonomy":"product_cat","description":"","parent":997,"count":151,"filter":"raw","image":""},{"term_id":956,"name":"Home","slug":"home","term_group":0,"term_taxonomy_id":956,"taxonomy":"product_cat","description":"","parent":0,"count":1724,"filter":"raw","image":""},{"term_id":958,"name":"Large home appliances","slug":"large-home-appliances","term_group":0,"term_taxonomy_id":958,"taxonomy":"product_cat","description":"","parent":956,"count":1041,"filter":"raw","image":""},{"term_id":997,"name":"Washing Machines","slug":"washing-machines","term_group":0,"term_taxonomy_id":997,"taxonomy":"product_cat","description":"","parent":996,"count":173,"filter":"raw","image":""},{"term_id":996,"name":"Washing machines and dishwashers","slug":"washing-machines-and-dishwashers","term_group":0,"term_taxonomy_id":996,"taxonomy":"product_cat","description":"","parent":958,"count":249,"filter":"raw","image":""}],"product_shipping_class":[{"term_id":1456,"name":"Heavy","slug":"heavy","term_group":0,"term_taxonomy_id":1456,"taxonomy":"product_shipping_class","description":"","parent":0,"count":838,"filter":"raw","image":""}],"pa_brands":[{"term_id":1279,"name":"\u062c\u064a\u0631\u0648\u0646\u062c\u064a","slug":"%d8%ac%d9%8a%d8%b1%d9%88%d9%86%d8%ac%d9%8a","term_group":0,"term_taxonomy_id":1279,"taxonomy":"pa_brands","description":"\u062c\u064a\u0631\u0648\u0646\u062c\u064a","parent":0,"count":344,"filter":"raw","image":""}],"pa_color":[{"term_id":1342,"name":"\u0633\u064a\u0644\u0641\u0631","slug":"%d8%b3%d9%8a%d9%84%d9%81%d8%b1","term_group":0,"term_taxonomy_id":1342,"taxonomy":"pa_color","description":"","parent":0,"count":277,"filter":"raw","image":""}]},"_links":{"self":[{"href":"https:\/\/almoufeed.com\/en\/wp-json\/wp\/v2\/product\/37751","targetHints":{"allow":["GET"]}}],"collection":[{"href":"https:\/\/almoufeed.com\/en\/wp-json\/wp\/v2\/product"}],"about":[{"href":"https:\/\/almoufeed.com\/en\/wp-json\/wp\/v2\/types\/product"}],"version-history":[{"count":0,"href":"https:\/\/almoufeed.com\/en\/wp-json\/wp\/v2\/product\/37751\/revisions"}],"wp:featuredmedia":[{"embeddable":true,"href":"https:\/\/almoufeed.com\/en\/wp-json\/wp\/v2\/media\/37752"}],"wp:attachment":[{"href":"https:\/\/almoufeed.com\/en\/wp-json\/wp\/v2\/media?parent=37751"}],"wp:term":[{"taxonomy":"product_brand","embeddable":true,"href":"https:\/\/almoufeed.com\/en\/wp-json\/wp\/v2\/product_brand?post=37751"},{"taxonomy":"product_cat","embeddable":true,"href":"https:\/\/almoufeed.com\/en\/wp-json\/wp\/v2\/product_cat?post=37751"},{"taxonomy":"product_tag","embeddable":true,"href":"https:\/\/almoufeed.com\/en\/wp-json\/wp\/v2\/product_tag?post=37751"}],"curies":[{"name":"wp","href":"https:\/\/api.w.org\/{rel}","templated":true}]}}