{"id":37664,"date":"2026-02-05T14:39:02","date_gmt":"2026-02-05T14:39:02","guid":{"rendered":"https:\/\/almoufeed.com\/?post_type=product&#038;p=37664"},"modified":"2026-03-15T13:08:04","modified_gmt":"2026-03-15T13:08:04","slug":"gorenje-washing-machine-9kg-1200-rpm-inverter-motor-silver-w9825ia","status":"publish","type":"product","link":"https:\/\/almoufeed.com\/en\/product\/gorenje-washing-machine-9kg-1200-rpm-inverter-motor-silver-w9825ia\/","title":{"rendered":"GORENJE WASHING MACHINE 9KG 1200 RPM INVERTER MOTOR SILVER W9825IA"},"content":{"rendered":"<p>Brand Name : GORENJE<br \/>\nMade in Solvenia<br \/>\n9 KG 1200 RPM &#8211; 31 programmes<br \/>\nDrum volume: 64 litre<br \/>\n50 % less energy consumption<br \/>\nEnergy class: A+++(-20%)<br \/>\nSelf cleaning program<br \/>\nProgrammes: Cotton, Wool, Quick, Mix\/synthetics, HandWash<br \/>\nChildLock Safety for curious kids During the wash, the door stays locked, preventing even the most inquisitive child from opening it. For added protection, the control panel can be locked by pressing a special combination of keys, making it impossible to inadvertently change the settings.<\/p>\n<p>Energy class: A+++(-20%) &#8211; 50 % less energy consumption as A energy class Spinning performance class: B Colour: Aluminium Inverter PowerDrive motor SensoCARE Special drum construction SpaDrum Spin speed: 1,200 rpm Washing capacity: 9 kg Drum volume: 64 l Control: Button Type of display: LCD display Drum illumination: Yes TimeComfort Delayed Start: Presetting time delay of start Spin setting: Adjustable spin speed Cold wash: Button Personal settings for all programmes 31 programmes Programmes: Cotton, Wool, Quick, Mix\/synthetics, HandWash Special programmes: BioWash \/ MyFavorite \/ NightWash \/ PerfectBlack \/ Sport Wash \/ Quick wash 17` \/ Cotton 20\u00b0C Prewash Skip spin Temperature setting Quick wash programme Audio signal SoftSound Self cleaning program StableTech side panels SensorIQ &#8211; sensor technology Extra sound insulation for quieter operation Automatic recognition of laundry weight TotalWeight QuickWet Service diagnostic indicator Sensors: Water level sensor Durable heater DuraHeat Total Aqua STOP Lockable control panel Stability Control (SCS) Total annual water consumption: 10,654 l Estimated annual energy consumption: 170 kWh Washing cycle duration at 60\u00b0C &#8211; Cotton: 181 min Noise level washing: 52 dB(A)re 1 pW Noise level spinning: 69 dB(A)re 1 pW Dimensions (W\u00d7H\u00d7D): 60 \u00d7 85 \u00d7 60 cm Dimensions of packed product (W\u00d7H\u00d7D): 64 \u00d7 92 \u00d7 69 cm Net weight: 77.5 kg Gross weight: 78.7 kg Consumption in standby mode: 1 W Connected load: 2,300 W Nominal current of fuse: 10 amp EAN code: 3838942919282<\/p>\n","protected":false},"excerpt":{"rendered":"<p>GORENJE WASHING MACHINE 9KG 1200 RPM INVERTER MOTOR SILVER W9825IA<\/p>\n","protected":false},"featured_media":37665,"template":"","meta":{"_acf_changed":false},"product_brand":[],"product_cat":[998,956,958,997,996],"product_tag":[],"class_list":{"0":"post-37664","1":"product","2":"type-product","3":"status-publish","4":"has-post-thumbnail","6":"product_cat-full-automatic-washing-machine","7":"product_cat-home","8":"product_cat-large-home-appliances","9":"product_cat-washing-machines","10":"product_cat-washing-machines-and-dishwashers","11":"product_shipping_class-heavy","12":"pa_brands-1279","13":"pa_color-1342","15":"first","16":"instock","17":"product-type-simple"},"acf":[],"pure_taxonomies":{"product_cat":[{"term_id":998,"name":"Full Automatic Washing Machine","slug":"full-automatic-washing-machine","term_group":0,"term_taxonomy_id":998,"taxonomy":"product_cat","description":"","parent":997,"count":151,"filter":"raw","image":""},{"term_id":956,"name":"Home","slug":"home","term_group":0,"term_taxonomy_id":956,"taxonomy":"product_cat","description":"","parent":0,"count":1724,"filter":"raw","image":""},{"term_id":958,"name":"Large home appliances","slug":"large-home-appliances","term_group":0,"term_taxonomy_id":958,"taxonomy":"product_cat","description":"","parent":956,"count":1041,"filter":"raw","image":""},{"term_id":997,"name":"Washing Machines","slug":"washing-machines","term_group":0,"term_taxonomy_id":997,"taxonomy":"product_cat","description":"","parent":996,"count":173,"filter":"raw","image":""},{"term_id":996,"name":"Washing machines and dishwashers","slug":"washing-machines-and-dishwashers","term_group":0,"term_taxonomy_id":996,"taxonomy":"product_cat","description":"","parent":958,"count":249,"filter":"raw","image":""}],"product_shipping_class":[{"term_id":1456,"name":"Heavy","slug":"heavy","term_group":0,"term_taxonomy_id":1456,"taxonomy":"product_shipping_class","description":"","parent":0,"count":838,"filter":"raw","image":""}],"pa_brands":[{"term_id":1279,"name":"\u062c\u064a\u0631\u0648\u0646\u062c\u064a","slug":"%d8%ac%d9%8a%d8%b1%d9%88%d9%86%d8%ac%d9%8a","term_group":0,"term_taxonomy_id":1279,"taxonomy":"pa_brands","description":"\u062c\u064a\u0631\u0648\u0646\u062c\u064a","parent":0,"count":344,"filter":"raw","image":""}],"pa_color":[{"term_id":1342,"name":"\u0633\u064a\u0644\u0641\u0631","slug":"%d8%b3%d9%8a%d9%84%d9%81%d8%b1","term_group":0,"term_taxonomy_id":1342,"taxonomy":"pa_color","description":"","parent":0,"count":277,"filter":"raw","image":""}]},"_links":{"self":[{"href":"https:\/\/almoufeed.com\/en\/wp-json\/wp\/v2\/product\/37664","targetHints":{"allow":["GET"]}}],"collection":[{"href":"https:\/\/almoufeed.com\/en\/wp-json\/wp\/v2\/product"}],"about":[{"href":"https:\/\/almoufeed.com\/en\/wp-json\/wp\/v2\/types\/product"}],"version-history":[{"count":0,"href":"https:\/\/almoufeed.com\/en\/wp-json\/wp\/v2\/product\/37664\/revisions"}],"wp:featuredmedia":[{"embeddable":true,"href":"https:\/\/almoufeed.com\/en\/wp-json\/wp\/v2\/media\/37665"}],"wp:attachment":[{"href":"https:\/\/almoufeed.com\/en\/wp-json\/wp\/v2\/media?parent=37664"}],"wp:term":[{"taxonomy":"product_brand","embeddable":true,"href":"https:\/\/almoufeed.com\/en\/wp-json\/wp\/v2\/product_brand?post=37664"},{"taxonomy":"product_cat","embeddable":true,"href":"https:\/\/almoufeed.com\/en\/wp-json\/wp\/v2\/product_cat?post=37664"},{"taxonomy":"product_tag","embeddable":true,"href":"https:\/\/almoufeed.com\/en\/wp-json\/wp\/v2\/product_tag?post=37664"}],"curies":[{"name":"wp","href":"https:\/\/api.w.org\/{rel}","templated":true}]}}