{"id":37272,"date":"2026-02-05T14:35:01","date_gmt":"2026-02-05T14:35:01","guid":{"rendered":"https:\/\/almoufeed.com\/?post_type=product&#038;p=37272"},"modified":"2026-04-23T14:12:34","modified_gmt":"2026-04-23T14:12:34","slug":"gorenje-freestanding-island-decorative-hood-90-cm-touch-control-max-noise-level-60-dbare-1-pw-maximum-extraction-rate-by-extraction-operation-400-m%c2%b3-h-airflow-boost-position-powerboost","status":"publish","type":"product","link":"https:\/\/almoufeed.com\/en\/product\/gorenje-freestanding-island-decorative-hood-90-cm-touch-control-max-noise-level-60-dbare-1-pw-maximum-extraction-rate-by-extraction-operation-400-m%c2%b3-h-airflow-boost-position-powerboost\/","title":{"rendered":"Gorenje Freestanding island decorative Hood 90 cm, Touch control Max. noise level: 60 dB(A)re 1 pW  (PowerBoost 1) &#8211; extraction: 675 m\u00b3\/h &#8211; IHT943E6XGB"},"content":{"rendered":"<p>Freestanding island decorative cooker hood Island cooker hood Control setting: Touch control Max. noise level: 60 dB(A)re 1 pW Maximum extraction rate by extraction operation: 400 m\u00b3\/h Airflow boost position (PowerBoost 1) &#8211; extraction: 675 m\u00b3\/h Energy class: B Gorenje Product line: G400 Dimensions (W\u00d7H\u00d7D): 90 \u00d7 51.5 \u00d7 50 cm<\/p>\n","protected":false},"excerpt":{"rendered":"<p>Gorenje Freestanding island decorative Hood 90 cm, Touch control Max. noise level: 60 dB(A)re 1 pW (PowerBoost 1) &#8211; extraction: 675 m\u00b3\/h &#8211; IHT943E6XGB<\/p>\n","protected":false},"featured_media":37273,"template":"","meta":{"_acf_changed":false},"product_brand":[],"product_cat":[971,965,956,970,958],"product_tag":[],"class_list":{"0":"post-37272","1":"product","2":"type-product","3":"status-publish","4":"has-post-thumbnail","6":"product_cat-built-in-hood","7":"product_cat-gas-cooker-ovens-and-microwaves","8":"product_cat-home","9":"product_cat-hoods","10":"product_cat-large-home-appliances","11":"product_shipping_class-1459","12":"pa_brands-1279","13":"pa_color-1327","15":"first","16":"onbackorder","17":"purchasable","18":"product-type-simple"},"acf":[],"pure_taxonomies":{"product_cat":[{"term_id":971,"name":"Built in hood","slug":"built-in-hood","term_group":0,"term_taxonomy_id":971,"taxonomy":"product_cat","description":"","parent":970,"count":98,"filter":"raw","image":""},{"term_id":965,"name":"Gas cooker, ovens and microwaves","slug":"gas-cooker-ovens-and-microwaves","term_group":0,"term_taxonomy_id":965,"taxonomy":"product_cat","description":"","parent":958,"count":464,"filter":"raw","image":""},{"term_id":956,"name":"Home","slug":"home","term_group":0,"term_taxonomy_id":956,"taxonomy":"product_cat","description":"","parent":0,"count":1724,"filter":"raw","image":""},{"term_id":970,"name":"Hoods","slug":"hoods","term_group":0,"term_taxonomy_id":970,"taxonomy":"product_cat","description":"","parent":965,"count":98,"filter":"raw","image":""},{"term_id":958,"name":"Large home appliances","slug":"large-home-appliances","term_group":0,"term_taxonomy_id":958,"taxonomy":"product_cat","description":"","parent":956,"count":1041,"filter":"raw","image":""}],"product_shipping_class":[{"term_id":1459,"name":"\u062b\u0642\u064a\u0644","slug":"%d8%ab%d9%82%d9%8a%d9%84","term_group":0,"term_taxonomy_id":1459,"taxonomy":"product_shipping_class","description":"","parent":0,"count":229,"filter":"raw","image":""}],"pa_brands":[{"term_id":1279,"name":"\u062c\u064a\u0631\u0648\u0646\u062c\u064a","slug":"%d8%ac%d9%8a%d8%b1%d9%88%d9%86%d8%ac%d9%8a","term_group":0,"term_taxonomy_id":1279,"taxonomy":"pa_brands","description":"\u062c\u064a\u0631\u0648\u0646\u062c\u064a","parent":0,"count":344,"filter":"raw","image":""}],"pa_color":[{"term_id":1327,"name":"\u0627\u0633\u062a\u0627\u0646\u0644\u0633 \u0633\u062a\u064a\u0644","slug":"%d8%a7%d8%b3%d8%aa%d8%a7%d9%86%d9%84%d8%b3-%d8%b3%d8%aa%d9%8a%d9%84","term_group":0,"term_taxonomy_id":1327,"taxonomy":"pa_color","description":"","parent":0,"count":303,"filter":"raw","image":""}]},"_links":{"self":[{"href":"https:\/\/almoufeed.com\/en\/wp-json\/wp\/v2\/product\/37272","targetHints":{"allow":["GET"]}}],"collection":[{"href":"https:\/\/almoufeed.com\/en\/wp-json\/wp\/v2\/product"}],"about":[{"href":"https:\/\/almoufeed.com\/en\/wp-json\/wp\/v2\/types\/product"}],"version-history":[{"count":2,"href":"https:\/\/almoufeed.com\/en\/wp-json\/wp\/v2\/product\/37272\/revisions"}],"predecessor-version":[{"id":54802,"href":"https:\/\/almoufeed.com\/en\/wp-json\/wp\/v2\/product\/37272\/revisions\/54802"}],"wp:featuredmedia":[{"embeddable":true,"href":"https:\/\/almoufeed.com\/en\/wp-json\/wp\/v2\/media\/37273"}],"wp:attachment":[{"href":"https:\/\/almoufeed.com\/en\/wp-json\/wp\/v2\/media?parent=37272"}],"wp:term":[{"taxonomy":"product_brand","embeddable":true,"href":"https:\/\/almoufeed.com\/en\/wp-json\/wp\/v2\/product_brand?post=37272"},{"taxonomy":"product_cat","embeddable":true,"href":"https:\/\/almoufeed.com\/en\/wp-json\/wp\/v2\/product_cat?post=37272"},{"taxonomy":"product_tag","embeddable":true,"href":"https:\/\/almoufeed.com\/en\/wp-json\/wp\/v2\/product_tag?post=37272"}],"curies":[{"name":"wp","href":"https:\/\/api.w.org\/{rel}","templated":true}]}}