{"id":37201,"date":"2026-02-05T14:34:37","date_gmt":"2026-02-05T14:34:37","guid":{"rendered":"https:\/\/almoufeed.com\/?post_type=product&#038;p=37201"},"modified":"2026-02-15T16:17:01","modified_gmt":"2026-02-15T16:17:01","slug":"gorenje-decorative-hood-90-cm-stainless-steel-glass-3-speeds-touch-control-air-extraction-650-m%c2%b3-h-whi943e6xgb","status":"publish","type":"product","link":"https:\/\/almoufeed.com\/en\/product\/gorenje-decorative-hood-90-cm-stainless-steel-glass-3-speeds-touch-control-air-extraction-650-m%c2%b3-h-whi943e6xgb\/","title":{"rendered":"Gorenje Decorative hood, 90 cm, stainless steel &#038; glass, 3 speeds, Touch control, Air extraction : 650 m\u00b3\/h-WHI943E6XGB"},"content":{"rendered":"<p>Freestanding wall decorative cooker hood  Wall mounted cooker hood  Control setting: Touch control  Max. noise level: 68 dB(A)re 1 pW  Maximum extraction rate by extraction operation: 650 m\u00b3\/h  Energy class: B  Gorenje  Product line: Essential Line  Dimensions (W\u00d7H\u00d7D): 89.5 \u00d7 45 \u00d7 38 cm<\/p>\n","protected":false},"excerpt":{"rendered":"<p>Gorenje Decorative hood, 90 cm, stainless steel &#038; glass, 3 speeds, Touch control, Air extraction : 650 m\u00b3\/h-WHI943E6XGB<\/p>\n","protected":false},"featured_media":37202,"template":"","meta":{"_acf_changed":false},"product_brand":[],"product_cat":[971,965,956,970,958],"product_tag":[],"class_list":{"0":"post-37201","1":"product","2":"type-product","3":"status-publish","4":"has-post-thumbnail","6":"product_cat-built-in-hood","7":"product_cat-gas-cooker-ovens-and-microwaves","8":"product_cat-home","9":"product_cat-hoods","10":"product_cat-large-home-appliances","11":"product_shipping_class-heavy","12":"pa_brands-1279","13":"pa_color-1320","15":"first","16":"instock","17":"sale","18":"purchasable","19":"product-type-simple"},"acf":[],"pure_taxonomies":{"product_cat":[{"term_id":971,"name":"Built in hood","slug":"built-in-hood","term_group":0,"term_taxonomy_id":971,"taxonomy":"product_cat","description":"","parent":970,"count":98,"filter":"raw","image":""},{"term_id":965,"name":"Gas cooker, ovens and microwaves","slug":"gas-cooker-ovens-and-microwaves","term_group":0,"term_taxonomy_id":965,"taxonomy":"product_cat","description":"","parent":958,"count":464,"filter":"raw","image":""},{"term_id":956,"name":"Home","slug":"home","term_group":0,"term_taxonomy_id":956,"taxonomy":"product_cat","description":"","parent":0,"count":1724,"filter":"raw","image":""},{"term_id":970,"name":"Hoods","slug":"hoods","term_group":0,"term_taxonomy_id":970,"taxonomy":"product_cat","description":"","parent":965,"count":98,"filter":"raw","image":""},{"term_id":958,"name":"Large home appliances","slug":"large-home-appliances","term_group":0,"term_taxonomy_id":958,"taxonomy":"product_cat","description":"","parent":956,"count":1041,"filter":"raw","image":""}],"product_shipping_class":[{"term_id":1456,"name":"Heavy","slug":"heavy","term_group":0,"term_taxonomy_id":1456,"taxonomy":"product_shipping_class","description":"","parent":0,"count":838,"filter":"raw","image":""}],"pa_brands":[{"term_id":1279,"name":"\u062c\u064a\u0631\u0648\u0646\u062c\u064a","slug":"%d8%ac%d9%8a%d8%b1%d9%88%d9%86%d8%ac%d9%8a","term_group":0,"term_taxonomy_id":1279,"taxonomy":"pa_brands","description":"\u062c\u064a\u0631\u0648\u0646\u062c\u064a","parent":0,"count":344,"filter":"raw","image":""}],"pa_color":[{"term_id":1320,"name":"\u0627\u0633\u0648\u062f","slug":"%d8%a7%d8%b3%d9%88%d8%af","term_group":0,"term_taxonomy_id":1320,"taxonomy":"pa_color","description":"","parent":0,"count":794,"filter":"raw","image":""}]},"_links":{"self":[{"href":"https:\/\/almoufeed.com\/en\/wp-json\/wp\/v2\/product\/37201","targetHints":{"allow":["GET"]}}],"collection":[{"href":"https:\/\/almoufeed.com\/en\/wp-json\/wp\/v2\/product"}],"about":[{"href":"https:\/\/almoufeed.com\/en\/wp-json\/wp\/v2\/types\/product"}],"version-history":[{"count":0,"href":"https:\/\/almoufeed.com\/en\/wp-json\/wp\/v2\/product\/37201\/revisions"}],"wp:featuredmedia":[{"embeddable":true,"href":"https:\/\/almoufeed.com\/en\/wp-json\/wp\/v2\/media\/37202"}],"wp:attachment":[{"href":"https:\/\/almoufeed.com\/en\/wp-json\/wp\/v2\/media?parent=37201"}],"wp:term":[{"taxonomy":"product_brand","embeddable":true,"href":"https:\/\/almoufeed.com\/en\/wp-json\/wp\/v2\/product_brand?post=37201"},{"taxonomy":"product_cat","embeddable":true,"href":"https:\/\/almoufeed.com\/en\/wp-json\/wp\/v2\/product_cat?post=37201"},{"taxonomy":"product_tag","embeddable":true,"href":"https:\/\/almoufeed.com\/en\/wp-json\/wp\/v2\/product_tag?post=37201"}],"curies":[{"name":"wp","href":"https:\/\/api.w.org\/{rel}","templated":true}]}}