{"id":37191,"date":"2026-02-05T14:34:29","date_gmt":"2026-02-05T14:34:29","guid":{"rendered":"https:\/\/almoufeed.com\/?post_type=product&#038;p=37191"},"modified":"2026-02-15T16:17:00","modified_gmt":"2026-02-15T16:17:00","slug":"gorenje-built-in-coffee-machine-touch-keys-cma9200bg","status":"publish","type":"product","link":"https:\/\/almoufeed.com\/en\/product\/gorenje-built-in-coffee-machine-touch-keys-cma9200bg\/","title":{"rendered":"Gorenje Built-in coffee machine, Touch keys-CMA9200BG"},"content":{"rendered":"<p>Built-in coffee machine, Touch keys, Timer function, Coffee preparation mode: Bean and ground, Cappuccino function,Number of different shots of espresso coffee: 3, Saving function for recipes, Preparation of 2 cups at the same time, Milk frothing option, Descaling programme.<\/p>\n<p>Dimensions (W\u00d7H\u00d7D): 59.5 \u00d7 45.5 \u00d7 38.1 cm<\/p>\n","protected":false},"excerpt":{"rendered":"<p>Gorenje Built-in coffee machine, Touch keys-CMA9200BG<\/p>\n","protected":false},"featured_media":37192,"template":"","meta":{"_acf_changed":false},"product_brand":[],"product_cat":[1030,1029,956,1021,959],"product_tag":[],"class_list":{"0":"post-37191","1":"product","2":"type-product","3":"status-publish","4":"has-post-thumbnail","6":"product_cat-coffee-machine","7":"product_cat-coffee-machines","8":"product_cat-home","9":"product_cat-kitchen-appliances","10":"product_cat-small-home-appliances","11":"product_shipping_class-heavy","12":"pa_brands-1279","13":"pa_color-1320","15":"first","16":"instock","17":"sale","18":"purchasable","19":"product-type-simple"},"acf":[],"pure_taxonomies":{"product_cat":[{"term_id":1030,"name":"Coffee machine","slug":"coffee-machine","term_group":0,"term_taxonomy_id":1030,"taxonomy":"product_cat","description":"","parent":1029,"count":121,"filter":"raw","image":""},{"term_id":1029,"name":"Coffee machines","slug":"coffee-machines","term_group":0,"term_taxonomy_id":1029,"taxonomy":"product_cat","description":"","parent":1021,"count":133,"filter":"raw","image":""},{"term_id":956,"name":"Home","slug":"home","term_group":0,"term_taxonomy_id":956,"taxonomy":"product_cat","description":"","parent":0,"count":1724,"filter":"raw","image":""},{"term_id":1021,"name":"Kitchen appliances","slug":"kitchen-appliances","term_group":0,"term_taxonomy_id":1021,"taxonomy":"product_cat","description":"","parent":959,"count":460,"filter":"raw","image":""},{"term_id":959,"name":"Small home appliances","slug":"small-home-appliances","term_group":0,"term_taxonomy_id":959,"taxonomy":"product_cat","description":"","parent":956,"count":683,"filter":"raw","image":""}],"product_shipping_class":[{"term_id":1456,"name":"Heavy","slug":"heavy","term_group":0,"term_taxonomy_id":1456,"taxonomy":"product_shipping_class","description":"","parent":0,"count":838,"filter":"raw","image":""}],"pa_brands":[{"term_id":1279,"name":"\u062c\u064a\u0631\u0648\u0646\u062c\u064a","slug":"%d8%ac%d9%8a%d8%b1%d9%88%d9%86%d8%ac%d9%8a","term_group":0,"term_taxonomy_id":1279,"taxonomy":"pa_brands","description":"\u062c\u064a\u0631\u0648\u0646\u062c\u064a","parent":0,"count":344,"filter":"raw","image":""}],"pa_color":[{"term_id":1320,"name":"\u0627\u0633\u0648\u062f","slug":"%d8%a7%d8%b3%d9%88%d8%af","term_group":0,"term_taxonomy_id":1320,"taxonomy":"pa_color","description":"","parent":0,"count":794,"filter":"raw","image":""}]},"_links":{"self":[{"href":"https:\/\/almoufeed.com\/en\/wp-json\/wp\/v2\/product\/37191","targetHints":{"allow":["GET"]}}],"collection":[{"href":"https:\/\/almoufeed.com\/en\/wp-json\/wp\/v2\/product"}],"about":[{"href":"https:\/\/almoufeed.com\/en\/wp-json\/wp\/v2\/types\/product"}],"version-history":[{"count":0,"href":"https:\/\/almoufeed.com\/en\/wp-json\/wp\/v2\/product\/37191\/revisions"}],"wp:featuredmedia":[{"embeddable":true,"href":"https:\/\/almoufeed.com\/en\/wp-json\/wp\/v2\/media\/37192"}],"wp:attachment":[{"href":"https:\/\/almoufeed.com\/en\/wp-json\/wp\/v2\/media?parent=37191"}],"wp:term":[{"taxonomy":"product_brand","embeddable":true,"href":"https:\/\/almoufeed.com\/en\/wp-json\/wp\/v2\/product_brand?post=37191"},{"taxonomy":"product_cat","embeddable":true,"href":"https:\/\/almoufeed.com\/en\/wp-json\/wp\/v2\/product_cat?post=37191"},{"taxonomy":"product_tag","embeddable":true,"href":"https:\/\/almoufeed.com\/en\/wp-json\/wp\/v2\/product_tag?post=37191"}],"curies":[{"name":"wp","href":"https:\/\/api.w.org\/{rel}","templated":true}]}}