{"id":37184,"date":"2026-02-05T14:34:29","date_gmt":"2026-02-05T14:34:29","guid":{"rendered":"https:\/\/almoufeed.com\/?post_type=product&#038;p=37184"},"modified":"2026-04-16T21:18:07","modified_gmt":"2026-04-16T21:18:07","slug":"gorenje-microwave-oven-grill-60-cm-bm251sg2bg","status":"publish","type":"product","link":"https:\/\/almoufeed.com\/en\/product\/gorenje-microwave-oven-grill-60-cm-bm251sg2bg\/","title":{"rendered":"Gorenje Built in Microwave oven  grill 60 cm &#8211; BM251SG2BG"},"content":{"rendered":"<p>Microwave oven &#8211; grill Electronic control Function Smart display Multi level cooking Number of infra heaters: 1 Dimensions (W\u00d7H\u00d7D): 59.5 \u00d7 38.8 \u00d7 40.1 cm<\/p>\n<p>Microwave oven &#8211; grill 60 cm, Electronic control , Function Smart display, Multi level cooking, Number of infra heaters: 1, Dimensions (W\u00d7H\u00d7D): 59.5 \u00d7 38.8 \u00d7 40.1 cm<\/p>\n","protected":false},"excerpt":{"rendered":"<p>Gorenje Built in Microwave oven grill 60 cm &#8211; BM251SG2BG<\/p>\n","protected":false},"featured_media":31633,"template":"","meta":{"_acf_changed":false},"product_brand":[],"product_cat":[977,965,956,958,976],"product_tag":[],"class_list":{"0":"post-37184","1":"product","2":"type-product","3":"status-publish","4":"has-post-thumbnail","6":"product_cat-built-in-microwave","7":"product_cat-gas-cooker-ovens-and-microwaves","8":"product_cat-home","9":"product_cat-large-home-appliances","10":"product_cat-microwaves","11":"product_shipping_class-heavy","12":"pa_brands-1279","13":"pa_color-1320","15":"first","16":"instock","17":"sale","18":"purchasable","19":"product-type-simple"},"acf":[],"pure_taxonomies":{"product_cat":[{"term_id":977,"name":"Built in Microwave","slug":"built-in-microwave","term_group":0,"term_taxonomy_id":977,"taxonomy":"product_cat","description":"","parent":976,"count":23,"filter":"raw","image":""},{"term_id":965,"name":"Gas cooker, ovens and microwaves","slug":"gas-cooker-ovens-and-microwaves","term_group":0,"term_taxonomy_id":965,"taxonomy":"product_cat","description":"","parent":958,"count":464,"filter":"raw","image":""},{"term_id":956,"name":"Home","slug":"home","term_group":0,"term_taxonomy_id":956,"taxonomy":"product_cat","description":"","parent":0,"count":1724,"filter":"raw","image":""},{"term_id":958,"name":"Large home appliances","slug":"large-home-appliances","term_group":0,"term_taxonomy_id":958,"taxonomy":"product_cat","description":"","parent":956,"count":1041,"filter":"raw","image":""},{"term_id":976,"name":"Microwaves","slug":"microwaves","term_group":0,"term_taxonomy_id":976,"taxonomy":"product_cat","description":"","parent":965,"count":59,"filter":"raw","image":""}],"product_shipping_class":[{"term_id":1456,"name":"Heavy","slug":"heavy","term_group":0,"term_taxonomy_id":1456,"taxonomy":"product_shipping_class","description":"","parent":0,"count":838,"filter":"raw","image":""}],"pa_brands":[{"term_id":1279,"name":"\u062c\u064a\u0631\u0648\u0646\u062c\u064a","slug":"%d8%ac%d9%8a%d8%b1%d9%88%d9%86%d8%ac%d9%8a","term_group":0,"term_taxonomy_id":1279,"taxonomy":"pa_brands","description":"\u062c\u064a\u0631\u0648\u0646\u062c\u064a","parent":0,"count":344,"filter":"raw","image":""}],"pa_color":[{"term_id":1320,"name":"\u0627\u0633\u0648\u062f","slug":"%d8%a7%d8%b3%d9%88%d8%af","term_group":0,"term_taxonomy_id":1320,"taxonomy":"pa_color","description":"","parent":0,"count":794,"filter":"raw","image":""}]},"_links":{"self":[{"href":"https:\/\/almoufeed.com\/en\/wp-json\/wp\/v2\/product\/37184","targetHints":{"allow":["GET"]}}],"collection":[{"href":"https:\/\/almoufeed.com\/en\/wp-json\/wp\/v2\/product"}],"about":[{"href":"https:\/\/almoufeed.com\/en\/wp-json\/wp\/v2\/types\/product"}],"version-history":[{"count":2,"href":"https:\/\/almoufeed.com\/en\/wp-json\/wp\/v2\/product\/37184\/revisions"}],"predecessor-version":[{"id":54441,"href":"https:\/\/almoufeed.com\/en\/wp-json\/wp\/v2\/product\/37184\/revisions\/54441"}],"wp:featuredmedia":[{"embeddable":true,"href":"https:\/\/almoufeed.com\/en\/wp-json\/wp\/v2\/media\/31633"}],"wp:attachment":[{"href":"https:\/\/almoufeed.com\/en\/wp-json\/wp\/v2\/media?parent=37184"}],"wp:term":[{"taxonomy":"product_brand","embeddable":true,"href":"https:\/\/almoufeed.com\/en\/wp-json\/wp\/v2\/product_brand?post=37184"},{"taxonomy":"product_cat","embeddable":true,"href":"https:\/\/almoufeed.com\/en\/wp-json\/wp\/v2\/product_cat?post=37184"},{"taxonomy":"product_tag","embeddable":true,"href":"https:\/\/almoufeed.com\/en\/wp-json\/wp\/v2\/product_tag?post=37184"}],"curies":[{"name":"wp","href":"https:\/\/api.w.org\/{rel}","templated":true}]}}