{"id":36863,"date":"2026-02-05T14:29:21","date_gmt":"2026-02-05T14:29:21","guid":{"rendered":"https:\/\/almoufeed.com\/?post_type=product&#038;p=36863"},"modified":"2026-04-16T19:26:47","modified_gmt":"2026-04-16T19:26:47","slug":"gorenje-electric-radiant-cooktop-60-cm-touch-control-glass-ceramic-boil-control-4-heating-zones-ect641bsc","status":"publish","type":"product","link":"https:\/\/almoufeed.com\/en\/product\/gorenje-electric-radiant-cooktop-60-cm-touch-control-glass-ceramic-boil-control-4-heating-zones-ect641bsc\/","title":{"rendered":"Gorenje Electric Radiant cooktop  60 cm Touch Control glass ceramic Boil Control 4 Heating Zones &#8211; ECT641BSC"},"content":{"rendered":"<p>Explore our selection of ceramic hobs, designed to enhance any kitchen with their sleek design and modern black finish. These hobs are available in a standard size, featuring multiple cooking zones that provide efficient heating power. Each unit is equipped with touch controls for precise temperature management and includes safety features such as a child lock to ensure a safe cooking environment. Ideal for everyday cooking, these hobs offer both style and functionality to meet your culinary needs.<br \/>\nGlass ceramic hobECT641BSC<br \/>\nGlass ceramic hob Dimensions (W\u00d7H\u00d7D): 59.5 \u00d7 5.4 \u00d7 52 cm<\/p>\n<p>Flush installation<br \/>\nSleek and elegant<br \/>\nAnother bonus is definitely flush installation, which means smooth transition between the hob and the worktop. It is easier to clean and brings a modern, stylish look to your kitchen.<\/p>\n<p>StayWarm<br \/>\nStaying perfect for the latecomers<br \/>\nThe StayWarm function keeps food at a constant temperature of 70\u02daC until the time is right to serve the meal. The food retains its original flavour and temperature until it is served.<\/p>\n<p>StopGo<br \/>\nTaking a break, anytime<br \/>\nThe StopGo function stops the cooking and continues with the same settings after being re-activated.<\/p>\n","protected":false},"excerpt":{"rendered":"<p>Gorenje Electric Radiant cooktop 60 cm Touch Control glass ceramic Boil Control 4 Heating Zones &#8211; ECT641BSC<\/p>\n","protected":false},"featured_media":36864,"template":"","meta":{"_acf_changed":false},"product_brand":[],"product_cat":[966,967,965,956,958],"product_tag":[],"class_list":{"0":"post-36863","1":"product","2":"type-product","3":"status-publish","4":"has-post-thumbnail","6":"product_cat-cookers","7":"product_cat-eelectric-hob","8":"product_cat-gas-cooker-ovens-and-microwaves","9":"product_cat-home","10":"product_cat-large-home-appliances","11":"pa_brands-1279","12":"pa_color-1320","14":"first","15":"instock","16":"sale","17":"purchasable","18":"product-type-simple"},"acf":[],"pure_taxonomies":{"product_cat":[{"term_id":966,"name":"Cookers","slug":"cookers","term_group":0,"term_taxonomy_id":966,"taxonomy":"product_cat","description":"","parent":965,"count":182,"filter":"raw","image":""},{"term_id":967,"name":"Eelectric Hob","slug":"eelectric-hob","term_group":0,"term_taxonomy_id":967,"taxonomy":"product_cat","description":"","parent":966,"count":41,"filter":"raw","image":""},{"term_id":965,"name":"Gas cooker, ovens and microwaves","slug":"gas-cooker-ovens-and-microwaves","term_group":0,"term_taxonomy_id":965,"taxonomy":"product_cat","description":"","parent":958,"count":464,"filter":"raw","image":""},{"term_id":956,"name":"Home","slug":"home","term_group":0,"term_taxonomy_id":956,"taxonomy":"product_cat","description":"","parent":0,"count":1724,"filter":"raw","image":""},{"term_id":958,"name":"Large home appliances","slug":"large-home-appliances","term_group":0,"term_taxonomy_id":958,"taxonomy":"product_cat","description":"","parent":956,"count":1041,"filter":"raw","image":""}],"pa_brands":[{"term_id":1279,"name":"\u062c\u064a\u0631\u0648\u0646\u062c\u064a","slug":"%d8%ac%d9%8a%d8%b1%d9%88%d9%86%d8%ac%d9%8a","term_group":0,"term_taxonomy_id":1279,"taxonomy":"pa_brands","description":"\u062c\u064a\u0631\u0648\u0646\u062c\u064a","parent":0,"count":344,"filter":"raw","image":""}],"pa_color":[{"term_id":1320,"name":"\u0627\u0633\u0648\u062f","slug":"%d8%a7%d8%b3%d9%88%d8%af","term_group":0,"term_taxonomy_id":1320,"taxonomy":"pa_color","description":"","parent":0,"count":794,"filter":"raw","image":""}]},"_links":{"self":[{"href":"https:\/\/almoufeed.com\/en\/wp-json\/wp\/v2\/product\/36863","targetHints":{"allow":["GET"]}}],"collection":[{"href":"https:\/\/almoufeed.com\/en\/wp-json\/wp\/v2\/product"}],"about":[{"href":"https:\/\/almoufeed.com\/en\/wp-json\/wp\/v2\/types\/product"}],"version-history":[{"count":2,"href":"https:\/\/almoufeed.com\/en\/wp-json\/wp\/v2\/product\/36863\/revisions"}],"predecessor-version":[{"id":54401,"href":"https:\/\/almoufeed.com\/en\/wp-json\/wp\/v2\/product\/36863\/revisions\/54401"}],"wp:featuredmedia":[{"embeddable":true,"href":"https:\/\/almoufeed.com\/en\/wp-json\/wp\/v2\/media\/36864"}],"wp:attachment":[{"href":"https:\/\/almoufeed.com\/en\/wp-json\/wp\/v2\/media?parent=36863"}],"wp:term":[{"taxonomy":"product_brand","embeddable":true,"href":"https:\/\/almoufeed.com\/en\/wp-json\/wp\/v2\/product_brand?post=36863"},{"taxonomy":"product_cat","embeddable":true,"href":"https:\/\/almoufeed.com\/en\/wp-json\/wp\/v2\/product_cat?post=36863"},{"taxonomy":"product_tag","embeddable":true,"href":"https:\/\/almoufeed.com\/en\/wp-json\/wp\/v2\/product_tag?post=36863"}],"curies":[{"name":"wp","href":"https:\/\/api.w.org\/{rel}","templated":true}]}}