{"id":34680,"date":"2026-02-05T14:05:54","date_gmt":"2026-02-05T14:05:54","guid":{"rendered":"https:\/\/almoufeed.com\/?post_type=product&#038;p=34680"},"modified":"2026-02-15T16:09:12","modified_gmt":"2026-02-15T16:09:12","slug":"whirlpool-freestanding-no-frost-refrigerator-with-1-door-371-liters-inox-sw8-am2-c-xr","status":"publish","type":"product","link":"https:\/\/almoufeed.com\/en\/product\/whirlpool-freestanding-no-frost-refrigerator-with-1-door-371-liters-inox-sw8-am2-c-xr\/","title":{"rendered":"WHIRLPOOL FREESTANDING NO FROST REFRIGERATOR WITH 1 DOOR 371 LITERS INOX SW8 AM2 C XR"},"content":{"rendered":"<p>Brand: Whirlpool<br \/>\nType: refrigerator<br \/>\nColor: Inox<br \/>\nDimensions (D \u00d7 H \u00d7 W): 630 \u00d7 1875 \u00d7 595mm<br \/>\nCapacity: 371 liters<br \/>\nSuction system<br \/>\nLED lighting<br \/>\nThe sixth sense property<br \/>\nMade In Turkey<\/p>\n","protected":false},"excerpt":{"rendered":"<p>WHIRLPOOL FREESTANDING NO FROST REFRIGERATOR WITH 1 DOOR 371 LITERS INOX SW8 AM2 C XR<\/p>\n","protected":false},"featured_media":34681,"template":"","meta":{"_acf_changed":false},"product_brand":[],"product_cat":[956,958,981,980,979],"product_tag":[],"class_list":{"0":"post-34680","1":"product","2":"type-product","3":"status-publish","4":"has-post-thumbnail","6":"product_cat-home","7":"product_cat-large-home-appliances","8":"product_cat-one-door-refrigerator","9":"product_cat-refrigerators","10":"product_cat-refrigerators-deep-freezers-and-water-dispenser","11":"product_shipping_class-heavy","12":"pa_brands-1307","13":"pa_color-1342","15":"first","16":"outofstock","17":"product-type-simple"},"acf":[],"pure_taxonomies":{"product_cat":[{"term_id":956,"name":"Home","slug":"home","term_group":0,"term_taxonomy_id":956,"taxonomy":"product_cat","description":"","parent":0,"count":1724,"filter":"raw","image":""},{"term_id":958,"name":"Large home appliances","slug":"large-home-appliances","term_group":0,"term_taxonomy_id":958,"taxonomy":"product_cat","description":"","parent":956,"count":1041,"filter":"raw","image":""},{"term_id":981,"name":"One Door Refrigerator","slug":"one-door-refrigerator","term_group":0,"term_taxonomy_id":981,"taxonomy":"product_cat","description":"","parent":980,"count":15,"filter":"raw","image":""},{"term_id":980,"name":"Refrigerators","slug":"refrigerators","term_group":0,"term_taxonomy_id":980,"taxonomy":"product_cat","description":"","parent":979,"count":207,"filter":"raw","image":""},{"term_id":979,"name":"Refrigerators, deep freezers and Water dispenser","slug":"refrigerators-deep-freezers-and-water-dispenser","term_group":0,"term_taxonomy_id":979,"taxonomy":"product_cat","description":"","parent":958,"count":271,"filter":"raw","image":""}],"product_shipping_class":[{"term_id":1456,"name":"Heavy","slug":"heavy","term_group":0,"term_taxonomy_id":1456,"taxonomy":"product_shipping_class","description":"","parent":0,"count":838,"filter":"raw","image":""}],"pa_brands":[{"term_id":1307,"name":"\u0648\u0627\u064a\u0631\u0644\u0628\u0648\u0644","slug":"%d9%88%d8%a7%d9%8a%d8%b1%d9%84%d8%a8%d9%88%d9%84","term_group":0,"term_taxonomy_id":1307,"taxonomy":"pa_brands","description":"","parent":0,"count":110,"filter":"raw","image":""}],"pa_color":[{"term_id":1342,"name":"\u0633\u064a\u0644\u0641\u0631","slug":"%d8%b3%d9%8a%d9%84%d9%81%d8%b1","term_group":0,"term_taxonomy_id":1342,"taxonomy":"pa_color","description":"","parent":0,"count":277,"filter":"raw","image":""}]},"_links":{"self":[{"href":"https:\/\/almoufeed.com\/en\/wp-json\/wp\/v2\/product\/34680","targetHints":{"allow":["GET"]}}],"collection":[{"href":"https:\/\/almoufeed.com\/en\/wp-json\/wp\/v2\/product"}],"about":[{"href":"https:\/\/almoufeed.com\/en\/wp-json\/wp\/v2\/types\/product"}],"version-history":[{"count":0,"href":"https:\/\/almoufeed.com\/en\/wp-json\/wp\/v2\/product\/34680\/revisions"}],"wp:featuredmedia":[{"embeddable":true,"href":"https:\/\/almoufeed.com\/en\/wp-json\/wp\/v2\/media\/34681"}],"wp:attachment":[{"href":"https:\/\/almoufeed.com\/en\/wp-json\/wp\/v2\/media?parent=34680"}],"wp:term":[{"taxonomy":"product_brand","embeddable":true,"href":"https:\/\/almoufeed.com\/en\/wp-json\/wp\/v2\/product_brand?post=34680"},{"taxonomy":"product_cat","embeddable":true,"href":"https:\/\/almoufeed.com\/en\/wp-json\/wp\/v2\/product_cat?post=34680"},{"taxonomy":"product_tag","embeddable":true,"href":"https:\/\/almoufeed.com\/en\/wp-json\/wp\/v2\/product_tag?post=34680"}],"curies":[{"name":"wp","href":"https:\/\/api.w.org\/{rel}","templated":true}]}}